{"id":2178,"date":"2025-06-24T09:21:41","date_gmt":"2025-06-24T07:21:41","guid":{"rendered":"https:\/\/hotel-selce.hr\/potvrdite-svoju-pretplatu\/"},"modified":"2025-07-19T13:28:53","modified_gmt":"2025-07-19T11:28:53","slug":"potvrdite-svoju-pretplatu","status":"publish","type":"page","link":"https:\/\/hotel-selce.hr\/hr\/potvrdite-svoju-pretplatu\/","title":{"rendered":"Potvrdite svoju pretplatu"},"content":{"rendered":"\n<p>Kliknite na poveznicu u e-poruci koju smo vam upravo poslali.<br\/>Moramo potvrditi va\u0161u adresu e-po\u0161te kako bismo dovr\u0161ili postupak pretplate.<\/p>\n\n<p>Ne\u0107ete biti pretpla\u0107eni ako ne kliknete na poveznicu za potvrdu.<\/p>\n\n<div class=\"wp-block-buttons is-content-justification-center is-layout-flex wp-container-core-buttons-is-layout-a89b3969 wp-block-buttons-is-layout-flex\">\n<div class=\"wp-block-button\"><a class=\"wp-block-button__link has-text-align-center wp-element-button\" href=\"https:\/\/hotel-selce.hr\/hr\/\">Natrag na po\u010detnu stranicu<\/a><\/div>\n<\/div>\n\n<p><\/p>\n","protected":false},"excerpt":{"rendered":"<p>Kliknite na poveznicu u e-poruci koju smo vam upravo poslali.Moramo potvrditi va\u0161u adresu e-po\u0161te kako bismo dovr\u0161ili postupak pretplate. Ne\u0107ete biti pretpla\u0107eni ako ne kliknete na poveznicu za potvrdu.<\/p>\n","protected":false},"author":1,"featured_media":0,"parent":0,"menu_order":0,"comment_status":"closed","ping_status":"closed","template":"","meta":{"_acf_changed":false,"footnotes":""},"class_list":["post-2178","page","type-page","status-publish","hentry"],"acf":[],"_links":{"self":[{"href":"https:\/\/hotel-selce.hr\/hr\/wp-json\/wp\/v2\/pages\/2178","targetHints":{"allow":["GET"]}}],"collection":[{"href":"https:\/\/hotel-selce.hr\/hr\/wp-json\/wp\/v2\/pages"}],"about":[{"href":"https:\/\/hotel-selce.hr\/hr\/wp-json\/wp\/v2\/types\/page"}],"author":[{"embeddable":true,"href":"https:\/\/hotel-selce.hr\/hr\/wp-json\/wp\/v2\/users\/1"}],"replies":[{"embeddable":true,"href":"https:\/\/hotel-selce.hr\/hr\/wp-json\/wp\/v2\/comments?post=2178"}],"version-history":[{"count":1,"href":"https:\/\/hotel-selce.hr\/hr\/wp-json\/wp\/v2\/pages\/2178\/revisions"}],"predecessor-version":[{"id":2179,"href":"https:\/\/hotel-selce.hr\/hr\/wp-json\/wp\/v2\/pages\/2178\/revisions\/2179"}],"wp:attachment":[{"href":"https:\/\/hotel-selce.hr\/hr\/wp-json\/wp\/v2\/media?parent=2178"}],"curies":[{"name":"wp","href":"https:\/\/api.w.org\/{rel}","templated":true}]}}