{"id":2185,"date":"2025-06-04T16:44:32","date_gmt":"2025-06-04T14:44:32","guid":{"rendered":"https:\/\/hotel-selce.hr\/pravila-privatnosti\/"},"modified":"2025-07-19T17:10:26","modified_gmt":"2025-07-19T15:10:26","slug":"pravila-privatnosti","status":"publish","type":"page","link":"https:\/\/hotel-selce.hr\/hr\/pravila-privatnosti\/","title":{"rendered":"Pravila privatnosti"},"content":{"rendered":"\n<p><strong>BEST SOLUTIONS d.o.o.<\/strong> po\u0161tuje va\u0161u privatnost i zala\u017ee se za za\u0161titu osobnih podataka dobivenih putem internetskog informacijskog sustava i ne\u0107e ih dijeliti s tre\u0107im stranama niti ih koristiti u druge svrhe bez va\u0161eg pristanka. U na\u0161em online informacijskom sustavu nalaze se odre\u0111ene veze do drugih vanjskih web stranica, koje nisu izravno povezane s na\u0161om tvrtkom. <\/p>\n\n<p><strong>BEST SOLUTIONS d.o.o.<\/strong> ne preuzima odgovornost za za\u0161titu podataka prona\u0111enih na tim web stranicama.<\/p>\n\n<p><strong>BEST SOLUTIONS d.o.o.<\/strong> se obvezuje da \u0107e u\u010diniti sve \u0161to je u njenoj mo\u0107i da za\u0161titi podatke i privatnost posjetitelja web stranice <a href=\"https:\/\/hotel-selce.hr\/hr\/\">www.hotel-selce.hr<\/a>.<\/p>\n\n<p>Kako bi se sprije\u010dio neovla\u0161teni pristup dobivenim podacima ili njegovo otkrivanje, kako bi se odr\u017eala to\u010dnost osobnih podataka i osigurala njihova primjerena upotreba, uspostavljeni su odgovaraju\u0107i tehni\u010dki i organizacijski postupci za za\u0161titu podataka koji se prikupljaju. Budu\u0107i da Internet mo\u017ee biti nepredvidljiv, <strong>BEST SOLUTIONS d.o.o.<\/strong> ne mo\u017ee sprije\u010diti mogu\u0107u zlouporabu podataka unato\u010d svim sigurnosnim mjerama i sigurnosnim komunikacijskim protokolima. <\/p>\n\n<p>Ova Pravila o privatnosti, u definiciji za\u0161tite osobnih podataka, ure\u0111uju prikupljanje, pohranu i upotrebu osobnih podataka koje je prikupio <strong>BEST SOLUTIONS d.o.o.<\/strong> od vas, kada koristite web stranicu <a href=\"https:\/\/hotel-selce.hr\/hr\/\">www.hotel-selce.hr<\/a> i povezane web stranice.<\/p>\n\n<h3 class=\"wp-block-heading\">Vlasnik, kontrolor i administrator osobnih podataka<\/h3>\n\n<p>Definicija \u201cvlasnika web stranice\u201d i \u201cupravlja\u010da ili administratora osobnih podataka (administratora)\u201d u smislu Op\u0107e uredbe o za\u0161titi podataka (GDPR) i va\u017ee\u0107eg hrvatskog Zakona o za\u0161titi podataka je:<\/p>\n\n<p>BEST SOLUTIONS d.o.o.<br\/>Ulica Vjekoslava Spin\u010di\u0107a 23<br\/>51410 Opatija<br\/>Hrvatska<\/p>\n\n<h3 class=\"wp-block-heading\">Korisnici i srodne web stranice<\/h3>\n\n<p><strong>Korisnik<\/strong><br\/>Korisnik web stranice je svaka osoba koja kao posjetitelj koristi ovu web stranicu i s njima povezane web stranice tvrtke <strong>BEST SOLUTIONS d.o.o.<\/strong><\/p>\n\n<p><strong>BEST SOLUTIONS d.o.o. web stranica<\/strong><br\/>Korisnik web stranice <strong>BEST SOLUTIONS d.o.o. <\/strong>je svaka osoba koja kao posjetitelj koristi njezinu web stranicu <a href=\"http:\/\/hotel-selce.hr\">www.hotel-selce.hr<\/a> (u daljnjem tekstu Web stranica).<\/p>\n\n<h3 class=\"wp-block-heading\">Osobni podaci: prikupljanje i svrha obrade podataka<\/h3>\n\n<p><strong>BEST SOLUTIONS d.o.o. <\/strong>prikuplja, nakon odobrenja korisnika, razne podatke o posjetiteljima Web stranice kako bi se identificirali korisnici. Podaci se prikupljaju i koriste kako je dalje opisano u nastavku. <\/p>\n\n<p><strong>BEST SOLUTIONS d.o.o. <\/strong>prikuplja, nakon odobrenja korisnika, razne podatke o posjetiteljima Web stranice kako bi se identificirali korisnici. Podaci se prikupljaju i koriste kako je dalje opisano u nastavku. <\/p>\n\n<p><strong>Prikupljanje podataka putem web obrazaca<\/strong><br\/><strong>BEST SOLUTIONS d.o.o. <\/strong> prikuplja osobne podatke s internetske stranice \u2013 sve dok korisnik takve podatke dobrovoljno dostavi kori\u0161tenjem mre\u017enih obrazaca na web mjestu ili pretplatom na na\u0161 newsletter ili druge oblike e-obavijesti namijenjene poslovnoj i marketin\u0161koj komunikaciji s korisnicima.<\/p>\n\n<p>Prikupljaju se sljede\u0107i podaci:<\/p>\n\n<ul class=\"wp-block-list\">\n<li>Ime i prezime<\/li>\n\n\n\n<li>Adresa<\/li>\n\n\n\n<li>Grad i po\u0161tanski broj<\/li>\n\n\n\n<li>Email adresa<\/li>\n\n\n\n<li>IP adresa<\/li>\n\n\n\n<li>Broj telefona<\/li>\n<\/ul>\n\n<p>Svrha prikupljanja podataka na web mjestu je poslovne prirode, \u0161to zna\u010di da kad predate obrazac s namjerom poslovne suradnje, sla\u017eete se da u svrhu daljnje komunikacije s Vama, va\u0161e osobne podatke pohranjujemo u na\u0161u bazu podataka. Va\u0161e podatke pohranjujemo na temelju legitimnog interesa tvrtke <strong>BEST SOLUTIONS d.o.o.<\/strong> da obra\u0111uje i koristi va\u0161e podatke u svrhu daljnje suradnje i izravnog marketinga. <\/p>\n\n<p>Administrator nije odgovoran za podatke i kontaktne podatke koje su dostavili korisnici za ispravne, istinite ili a\u017eurirane. Kao korisnik web stranice, Va\u0161a je odgovornost dostaviti ispravne i a\u017eurirane podatke prilikom kori\u0161tenja web stranice. <\/p>\n\n<h3 class=\"wp-block-heading\">Informacije o kori\u0161tenju web stranice<\/h3>\n\n<p>Web stranica mo\u017ee automatski prikupljati odre\u0111ene podatke o korisni\u010dkom ra\u010dunalnom hardveru i softveru. Ovi se podaci koriste isklju\u010divo za pru\u017eanje op\u0107ih statisti\u010dkih podataka o upotrebi web stranica. Ti podaci mogu obuhva\u0107ati:  <\/p>\n\n<ul class=\"wp-block-list\">\n<li>IP adresa ure\u0111aja koji se koristi za pristup web stranici<\/li>\n\n\n\n<li>Vrsta preglednika,<\/li>\n\n\n\n<li>Naziv domene,<\/li>\n\n\n\n<li>Vrijeme pristupa,<\/li>\n\n\n\n<li>Adrese web stranica posje\u0107enih na na\u0161oj web stranici<\/li>\n<\/ul>\n\n<p>Ti se podaci prikupljaju kori\u0161tenjem kola\u010di\u0107a. Upotreba kola\u010di\u0107a, njihova primjena i brisanje, detaljno je opisano u srodnom tekstu. <\/p>\n\n<h3 class=\"wp-block-heading\">Svrha obrade podataka<\/h3>\n\n<p><strong>Ispunjavanje prava i obveza iz dostavljenih upita i \/ ili potpisanih ugovora<\/strong><br\/>U okviru prodaje \/ kupnje proizvoda i proizlazi iz ugovornih obveza, <strong>BEST SOLUTIONS d.o.o. <\/strong>obra\u0111uje osobne podatke korisnika u svrhu identifikacije pojedinaca u svrhu izvr\u0161enja ugovora (ugovor o prodaji proizvoda izme\u0111u tvrtke <strong>BEST SOLUTIONS d.o.o. <\/strong>i kupca temelji se na dostavljenom upitu, koji se iz izvornika mo\u017ee izmijeniti u proces pregovora i izvan web stranice). Stoga se smatra da obrada osobnih podataka ima pravnu osnovu u svrhu sklapanja ugovora. <\/p>\n\n<p>U slu\u010daju kupnje proizvoda, osobni se podaci obra\u0111uju u razli\u010dite svrhe, poput komunikacije s kupcem u vezi s izvr\u0161avanjem narud\u017ebe, rje\u0161avanjem problema (reklamacije, jamstvo), obavijesti kupca o obradi narud\u017ebe i isporuci narud\u017ebe ili drugim obavijestima \u0161to ih zakon zahtijeva za izvr\u0161avanje naloga, za mogu\u0107e svrhe naplate i za potrebe ra\u010dunovodstva i poreza.<\/p>\n\n<p><strong>Komunikacija s korisnicima<\/strong><br\/>U svrhu izravnog marketinga \u2013 e-poruke koje sadr\u017ee korisne, pou\u010dne, zanimljive ili va\u017ene informacije od administratora (informacije o novim ponudama, promocijama, pozivnicama na doga\u0111aje, sudjelovanju u crte\u017eima i natjecanjima, korisni savjeti za korisnike itd.)<\/p>\n\n<p>Re-marketing (Google, Facebook) u svrhu boljeg i relevantnijeg korisni\u010dkog informiranja i pobolj\u0161anja stupnja korisni\u010dke anga\u017eiranosti.<\/p>\n\n<p>Za analize tr\u017ei\u0161ta i segmentaciju korisnika za prilago\u0111ene ponude proizvoda i usluga.<\/p>\n\n<p>Na temelju predanih osobnih podataka, prilago\u0111ene podatke ili ponude mo\u017eete primati e-po\u0161tom na adresu e-po\u0161te koju ste unijeli ili kao tiskani materijal na Va\u0161u dostavljenu fizi\u010dku adresu.<\/p>\n\n<h3 class=\"wp-block-heading\">Analiza aktivnosti korisnika<\/h3>\n\n<p>Segmentacija i profiliranje korisnika s ciljem personaliziranih i relevantnijih informacija i postizanja ve\u0107eg odziva na poruke e-po\u0161te.<\/p>\n\n<p>Analiziraju\u0107i \u010ditanje e-poruka, posebno onu e-po\u0161tu koju ste otvorili ili niste otvorili, veze koje ste kliknuli (sadr\u017eaj koji ste pro\u010ditali ili pogledali), vrijeme koje ste proveli \u010ditaju\u0107i ili pregledavaju\u0107i odre\u0111eni sadr\u017eaj itd.<\/p>\n\n<p>Web stranica mo\u017ee automatski prikupljati podatke o hardveru i softveru s ra\u010dunala korisnika, kao i neke osobne podatke, poput IP adrese. Osobni podaci prikupljeni posjetom web mjestu se ne pohranjuju ili se pohranjuju u anonimnom obliku i kao takvi ne povezuju se s korisnicima. Te podatke upotrebljava Google Analytics, a tvrtka Google LLC obra\u0111uje podatke u okviru zakonom dopu\u0161tene obrade podataka.  <\/p>\n\n<p>Podaci se upotrebljavaju samo za pripremu op\u0107ih statistika o upotrebi web stranica. Podaci se prikupljaju upotrebom kola\u010di\u0107a. Upotreba, upravljanje i brisanje kola\u010di\u0107a opisano je dalje u poglavlju o politici kola\u010di\u0107a.  <\/p>\n\n<h3 class=\"wp-block-heading\">Obrada podataka<\/h3>\n\n<p>Administrator obra\u0111uje podatke temeljene na zakonu i njegovom zakonitom interesu, osim ako prevladavaju interesi i osnovna prava i slobode korisnika na kojeg se osobni podaci odnose i koji bi kao takvi trebali biti za\u0161ti\u0107eni. Upravitelj \u0107e u okviru svog zakonitog interesa uvijek provoditi svoju presudu na temelju va\u017ee\u0107eg zakona. Daljnja upotreba podataka u pseudo obliku ili u zbirnom obliku (kumulativni oblik), na primjer, predstavlja zakonit oblik kori\u0161tenja podataka u svrhu marketinga ili drugih poslovnih ili tehni\u010dkih analiza tvrtke <strong>BEST SOLUTIONS d.o.o.<\/strong>  <\/p>\n\n<h3 class=\"wp-block-heading\">Korisnici podataka<\/h3>\n\n<p><strong>BEST SOLUTIONS d.o.o. <\/strong>ovim se obvezuje da ne\u0107e prodavati, iznajmljivati ili trgovati Va\u0161im osobnim podacima. Va\u0161i osobni podaci ne\u0107e se slati ili prenositi tre\u0107oj zemlji ili me\u0111unarodnoj organizaciji, osim ako je to zakonom propisano ili zakonodavstvom Europske unije (mandati sudova, tu\u017eiteljskih tijela itd.). <\/p>\n\n<p>U okviru pravnih nadle\u017enosti, Va\u0161i se podaci mogu otkriti:<\/p>\n\n<ul class=\"wp-block-list\">\n<li>Davateljima usluga informacijske tehnologije, u okviru svojih usluga i odr\u017eavanja hardvera i softvera, gdje se pohranjuju va\u0161i podaci<\/li>\n\n\n\n<li>Administratoru web stranice<\/li>\n\n\n\n<li>U nekim slu\u010dajevima pru\u017eateljima usluga (tre\u0107e strane) koje pru\u017eaju pristup web mjestu, razvoj aplikacija, hosting, odr\u017eavanje i sigurnosne sigurnosne kopije, arhiviranje, virtualnu infrastrukturu, obradu pla\u0107anja i druge usluge za koje mogu zahtijevati pristup ili upotrebu podataka.<\/li>\n<\/ul>\n\n<p>U nekim slu\u010dajevima (na primjer, re-marketing) administriranje podataka je s tre\u0107im stranama koje nam takve podatke prenose na temelju njihove politike privatnosti. Kao korisnici, mo\u017eete upravljati vlastitim podacima i informacijama i kontrolirati opseg podataka i informacija koje dobivamo od tre\u0107ih strana (na primjer, dru\u0161tveni mediji) pomo\u0107u odgovaraju\u0107ih postavki privatnosti u svojim korisni\u010dkim ra\u010dunima s tim tre\u0107im stranama. <strong>BEST SOLUTIONS d.o.o.<\/strong> nije odgovorna za ono \u0161to tre\u0107e strane \u010dine s va\u0161im osobnim podacima i preporu\u010dujemo da koristite pouzdane aplikacije te da s njima postavite odgovaraju\u0107e postavke privatnosti za za\u0161titu osobnih podataka. <\/p>\n\n<p>Web stranica tvrtke <strong>BEST SOLUTIONS d.o.o.<\/strong> imaju vanjske veze na web stranice koje nisu pod kontrolom <strong>BEST SOLUTIONS d.o.o. <\/strong>Posjetom ovih web stranica mo\u017eete osobne podatke predati tre\u0107im osobama, s kojima <strong>BEST SOLUTIONS d.o.o. <\/strong>nema ugovor o obradi osobnih podataka. Ove web stranice imaju vlastita pravila o privatnosti na kojima temelje svoje obrade osobnih podataka. Preporu\u010dujemo Vam da pro\u010ditate pravila o privatnosti i informirate se o tome kako se va\u0161i osobni podaci obra\u0111uju kad posjetite ove web stranice tre\u0107ih strana.  <\/p>\n\n<h3 class=\"wp-block-heading\">Pristanak<\/h3>\n\n<p>Osobni podaci koje je administrator stekao kori\u0161tenjem web stranice ili koje pru\u017eate podno\u0161enjem bilo kojeg obrasca s bilo koje na\u0161e web stranice ili pretplatom na bilten ili druge e-obavijesti, obra\u0111uju se uz va\u0161u izri\u010ditu i nedvosmislenu suglasnost na temelju \u010dlanka 6. ( 1), (a) Op\u0107e uredbe EU o za\u0161titi podataka (GDPR).<\/p>\n\n<p>Pristajete na obradu osobnih podataka tvrtke <strong>BEST SOLUTIONS d.o.o.<\/strong> kada koristite web stranicu i kliknete \u201cPo\u0161alji\u201d na web obrascima. Administrator \u0107e pru\u017eiti opciju za va\u0161 pristanak kad god je to potrebno bez prozora za potvrdu. Osobni pristanak korisnika je kori\u0161tenje njegove slobodne volje da se njihovi osobni podaci mogu obra\u0111ivati u odre\u0111enu svrhu, na temelju podataka koje u ovoj politici privatnosti daje i jam\u010di administrator.  <\/p>\n\n<p>Osim toga, korisnik se izri\u010dito sla\u017ee, bez ograni\u010denja, s njegovim osobnim podacima koji se obra\u0111uju u svrhu predbra\u010dnih postupaka i sklapanja i ispunjenja ugovora, kao i, bez ograni\u010denja, za postupke nakon ugovora.<\/p>\n\n<p>Mo\u017eete u bilo kojem trenutku povu\u0107i svoj pristanak u bilo koju svrhu obrade podataka, slanjem pismene obavijesti redovnom po\u0161tom ili na na\u0161u adresu e-po\u0161te <a href=\"mailto:info@hotel-selce.hr\">info@hotel-selce.hr<\/a> . U takvom slu\u010daju vi\u0161e ne\u0107emo koristiti va\u0161e osobne podatke u svrhe opisane u gornjem stavku. Ovakvo povla\u010denje pristanka ne utje\u010de na zakonitost obrade va\u0161ih osobnih podataka prije Va\u0161eg povla\u010denja.  <\/p>\n\n<h3 class=\"wp-block-heading\">Va\u0161a prava<\/h3>\n\n<p>U skladu s va\u017ee\u0107im zakonom i Op\u0107om uredbom o za\u0161titi podataka EU-a (GDPR), imate pravo pristupati, mijenjati, brisati (pravo da budete zaboravljeni), izvoz svojih podataka i ograni\u010davati obradu va\u0161ih podataka i na to imate pravo prigovoriti u bilo kojem trenutku.<\/p>\n\n<p>Ako \u017eelite iskoristiti neko svoje pravo ili dobiti dodatne informacije ili podnijeti zvani\u010dnu \u017ealbu, trebate nam poslati pisanu obavijest na: BEST SOLUTIONS d.o.o., Ulica Vjekoslava Spin\u010di\u0107a 23, 51410 Opatija, Hrvatska ili putem e-maila na <a href=\"mailto:info@hotel-selce.hr\">info@hotel-selce.hr<\/a><\/p>\n\n<p>Va\u0161 zahtjev analizirat \u0107e osoba, akreditirana za za\u0161titu osobnih podataka i odgovoriti u roku od 30 dana ili u skladu s GDPR-om i \u010dlankom 37. prema regulativi EU 2016\/679 Europskog parlamenta od 27. travnja 2016.<\/p>\n\n<h3 class=\"wp-block-heading\">Vrijeme \u010duvanja podataka<\/h3>\n\n<p>Podaci prikupljeni od strane administratora web stranice zadr\u017eavaju se radi kori\u0161tenja administratora u skladu s uvjetima i svrhama navedenim u ovim Pravilima o privatnosti. Osobni se podaci pohranjuju na internetskoj stranici (kao upiti ili obrasci za kontakt) i u slu\u010dajevima dodatne obrade i komunikacije s korisnikom, u srodnim ostalim bazama podataka tvrtke (poput CRM-a, softvera za upravljanje robom itd.). <\/p>\n\n<p>Periodi \u010duvanja podataka mogu se razlikovati i mogu biti podlo\u017eni regulaciji odre\u0111enog sektorskog zakonodavstva (npr. ra\u010dunovodstva, poreza). Razli\u010dito sektorsko zakonodavstvo predvi\u0111a razli\u010dita obvezna razdoblja zadr\u017eavanja koja zahtijevaju <strong>BEST SOLUTIONS d.o.o.<\/strong> izbrisati osobne podatke nakon isteka razdoblja zadr\u017eavanja podataka. <\/p>\n\n<p>Kao korisnik, imate pravo na pregled podataka i na obradu va\u0161ih podataka od strane ovla\u0161tenih obra\u0111iva\u010da, podno\u0161enjem pismenog zahtjeva <strong>BEST SOLUTIONS d.o.o.<\/strong>, Ulica Vjekoslava Spin\u010di\u0107a 23, 51410 Opatija, Hrvatska, ili putem e-maila na <a href=\"mailto:info@hotel-selce.hr\">info@hotel-selce.hr<\/a> . Pregledat \u0107emo va\u0161 zahtjev i odgovoriti u skladu s GDPR zakonodavstvom. <\/p>\n\n<h3 class=\"wp-block-heading\">Autorska prava<\/h3>\n\n<p>Administrator ove web stranice je <strong>BEST SOLUTIONS d.o.o.<\/strong> Sadr\u017eaj objavljen na web stranici <strong>BEST SOLUTIONS d.o.o.<\/strong> Web stranica je vlasni\u0161tvo tvrtke <strong>BEST SOLUTIONS d.o.o.<\/strong> i mo\u017ee se koristiti samo u nekomercijalne svrhe, pod uvjetom da su sve autorske obavijesti sa\u010duvane i ne mogu se prepisivati, kopirati ili reproducirati na bilo koji drugi na\u010din.<\/p>\n\n<h3 class=\"wp-block-heading\">Rezervacije<\/h3>\n\n<p><strong>BEST SOLUTIONS d.o.o.<\/strong> \u0107e s najve\u0107om pa\u017enjom pru\u017eiti to\u010dne i a\u017eurirane podatke i podatke na svojoj web stranici. Me\u0111utim, ne mo\u017ee jam\u010diti da su svi podaci to\u010dni ili potpuni i ne mo\u017ee preuzeti odgovornost za \u0161tetu nastalu takvim podacima <strong>BEST SOLUTIONS d.o.o.<\/strong> ne preuzima nikakvu odgovornost za posljedi\u010dne \u0161tete povezane sa sadr\u017eajem web stranice. <strong>BEST SOLUTIONS d.o.o.<\/strong> ne preuzima nikakvu odgovornost za viruse koji se eventualno prenose korisnicima s ove web stranice i ovim putem poti\u010de korisnike da se na odgovaraju\u0107i na\u010din za\u0161tite od virusa prije nego \u0161to preuzmu bilo koji sadr\u017eaj s ove web stranice. <\/p>\n\n<p><strong>BEST SOLUTIONS d.o.o.<\/strong> nije odgovorna za privremeno nefunkcionalne web stranice ili neto\u010dne podatke na web mjestu i nije odgovorna za \u0161tetu nastalu upotrebom nepotpunih ili neto\u010dnih podataka.<\/p>\n\n<p>Ni <strong>BEST SOLUTIONS d.o.o.<\/strong> niti bilo koja druga fizi\u010dka ili pravna osoba koja je uklju\u010dena u razvoj ove web stranice nije odgovorna ili odgovorna za bilo kakvu \u0161tetu nastalu zbog pristupa ili upotrebe podataka na web mjestu ili zbog nemogu\u0107nosti kori\u0161tenja podataka s ove web stranice ili za bilo kakav neto\u010dan ili nepotpun sadr\u017eaj na web mjestu.<\/p>\n\n<p>Pridr\u017eavamo pravo preusmjeravanja korisnika na druge web stranice na World Wide Webu i nismo odgovorni niti odgovorni za bilo kakav sadr\u017eaj na tim web stranicama.<\/p>\n\n<h3 class=\"wp-block-heading\">Promjene politike privatnosti<\/h3>\n\n<p>Administrator zadr\u017eava pravo na promjenu ili izmjenu pravila o privatnosti za korisnike web mjesta u bilo koje vrijeme i bez prethodne najave. Predla\u017eemo da korisnici prije kori\u0161tenja web stranice provjere najnoviji datum op\u0107ih uvjeta kori\u0161tenja i njegovih izmjena. <\/p>\n\n<h3 class=\"wp-block-heading\">Valjanost<\/h3>\n\n<p>Osobna pravila o privatnosti na ovoj web stranici na snazi su od 1. lipnja 2025. godine i mogu se bilo kada promijeniti ili dopuniti.<\/p>\n","protected":false},"excerpt":{"rendered":"<p>BEST SOLUTIONS d.o.o. po\u0161tuje va\u0161u privatnost i zala\u017ee se za za\u0161titu osobnih podataka dobivenih putem internetskog informacijskog sustava i ne\u0107e ih dijeliti s tre\u0107im stranama niti ih koristiti u druge svrhe bez va\u0161eg pristanka. U na\u0161em online informacijskom sustavu nalaze se odre\u0111ene veze do drugih vanjskih web stranica, koje nisu izravno povezane s na\u0161om tvrtkom. [&hellip;]<\/p>\n","protected":false},"author":1,"featured_media":0,"parent":0,"menu_order":0,"comment_status":"closed","ping_status":"closed","template":"","meta":{"_acf_changed":false,"footnotes":""},"class_list":["post-2185","page","type-page","status-publish","hentry"],"acf":[],"_links":{"self":[{"href":"https:\/\/hotel-selce.hr\/hr\/wp-json\/wp\/v2\/pages\/2185","targetHints":{"allow":["GET"]}}],"collection":[{"href":"https:\/\/hotel-selce.hr\/hr\/wp-json\/wp\/v2\/pages"}],"about":[{"href":"https:\/\/hotel-selce.hr\/hr\/wp-json\/wp\/v2\/types\/page"}],"author":[{"embeddable":true,"href":"https:\/\/hotel-selce.hr\/hr\/wp-json\/wp\/v2\/users\/1"}],"replies":[{"embeddable":true,"href":"https:\/\/hotel-selce.hr\/hr\/wp-json\/wp\/v2\/comments?post=2185"}],"version-history":[{"count":1,"href":"https:\/\/hotel-selce.hr\/hr\/wp-json\/wp\/v2\/pages\/2185\/revisions"}],"predecessor-version":[{"id":2186,"href":"https:\/\/hotel-selce.hr\/hr\/wp-json\/wp\/v2\/pages\/2185\/revisions\/2186"}],"wp:attachment":[{"href":"https:\/\/hotel-selce.hr\/hr\/wp-json\/wp\/v2\/media?parent=2185"}],"curies":[{"name":"wp","href":"https:\/\/api.w.org\/{rel}","templated":true}]}}